{"id":702,"date":"2021-07-28T12:24:17","date_gmt":"2021-07-28T10:24:17","guid":{"rendered":"http:\/\/coupdepoucepourlescompetences.poledenamur-outils.be\/?page_id=702"},"modified":"2021-08-25T08:30:19","modified_gmt":"2021-08-25T06:30:19","slug":"decouvrir-outil","status":"publish","type":"page","link":"https:\/\/coupdepoucepourlescompetences.poledenamur-outils.be\/index.php\/decouvrir-outil\/","title":{"rendered":"D\u00e9couvrir l&rsquo;outil"},"content":{"rendered":"\t\t<div data-elementor-type=\"wp-page\" data-elementor-id=\"702\" class=\"elementor elementor-702\" data-elementor-settings=\"{&quot;ha_cmc_init_switcher&quot;:&quot;no&quot;}\">\n\t\t\t\t\t\t<section class=\"elementor-section elementor-top-section elementor-element elementor-element-1b215ba elementor-section-height-min-height elementor-section-boxed elementor-section-height-default elementor-section-items-middle\" data-id=\"1b215ba\" data-element_type=\"section\" data-settings=\"{&quot;background_background&quot;:&quot;classic&quot;,&quot;_ha_eqh_enable&quot;:false}\">\n\t\t\t\t\t\t\t<div class=\"elementor-background-overlay\"><\/div>\n\t\t\t\t\t\t\t<div class=\"elementor-container elementor-column-gap-no\">\n\t\t\t\t\t<div class=\"elementor-column elementor-col-100 elementor-top-column elementor-element elementor-element-2264fb5\" data-id=\"2264fb5\" data-element_type=\"column\">\n\t\t\t<div class=\"elementor-widget-wrap elementor-element-populated\">\n\t\t\t\t\t\t<section class=\"elementor-section elementor-inner-section elementor-element elementor-element-937b395 elementor-section-boxed elementor-section-height-default elementor-section-height-default\" data-id=\"937b395\" data-element_type=\"section\" data-settings=\"{&quot;_ha_eqh_enable&quot;:false}\">\n\t\t\t\t\t\t<div class=\"elementor-container elementor-column-gap-no\">\n\t\t\t\t\t<div class=\"elementor-column elementor-col-33 elementor-inner-column elementor-element elementor-element-d7c3c2c\" data-id=\"d7c3c2c\" data-element_type=\"column\">\n\t\t\t<div class=\"elementor-widget-wrap elementor-element-populated\">\n\t\t\t\t\t\t<div class=\"elementor-element elementor-element-2de040d elementor-align-justify elementor-mobile-align-center elementor-widget elementor-widget-button\" data-id=\"2de040d\" data-element_type=\"widget\" data-widget_type=\"button.default\">\n\t\t\t\t<div class=\"elementor-widget-container\">\n\t\t\t\t\t\t\t\t\t<div class=\"elementor-button-wrapper\">\n\t\t\t\t\t<a class=\"elementor-button elementor-button-link elementor-size-lg\" href=\"https:\/\/coupdepoucepourlescompetences.poledenamur-outils.be\/index.php\/decouvrir-projet\/\">\n\t\t\t\t\t\t<span class=\"elementor-button-content-wrapper\">\n\t\t\t\t\t\t\t\t\t<span class=\"elementor-button-text\">D\u00e9couvrir<\/br>le projet<\/span>\n\t\t\t\t\t<\/span>\n\t\t\t\t\t<\/a>\n\t\t\t\t<\/div>\n\t\t\t\t\t\t\t\t<\/div>\n\t\t\t\t<\/div>\n\t\t\t\t\t<\/div>\n\t\t<\/div>\n\t\t\t\t<div class=\"elementor-column elementor-col-33 elementor-inner-column elementor-element elementor-element-613a373\" data-id=\"613a373\" data-element_type=\"column\">\n\t\t\t<div class=\"elementor-widget-wrap elementor-element-populated\">\n\t\t\t\t\t\t<div class=\"elementor-element elementor-element-437d621 elementor-align-justify elementor-mobile-align-center elementor-widget elementor-widget-button\" data-id=\"437d621\" data-element_type=\"widget\" data-widget_type=\"button.default\">\n\t\t\t\t<div class=\"elementor-widget-container\">\n\t\t\t\t\t\t\t\t\t<div class=\"elementor-button-wrapper\">\n\t\t\t\t\t<a class=\"elementor-button elementor-button-link elementor-size-lg\" href=\"https:\/\/coupdepoucepourlescompetences.poledenamur-outils.be\/index.php\/decouvrir-outil\/\">\n\t\t\t\t\t\t<span class=\"elementor-button-content-wrapper\">\n\t\t\t\t\t\t\t\t\t<span class=\"elementor-button-text\">D\u00e9couvrir<\/br>l'outil<\/span>\n\t\t\t\t\t<\/span>\n\t\t\t\t\t<\/a>\n\t\t\t\t<\/div>\n\t\t\t\t\t\t\t\t<\/div>\n\t\t\t\t<\/div>\n\t\t\t\t\t<\/div>\n\t\t<\/div>\n\t\t\t\t<div class=\"elementor-column elementor-col-33 elementor-inner-column elementor-element elementor-element-902c156\" data-id=\"902c156\" data-element_type=\"column\">\n\t\t\t<div class=\"elementor-widget-wrap elementor-element-populated\">\n\t\t\t\t\t\t<div class=\"elementor-element elementor-element-653b036 elementor-align-justify elementor-mobile-align-center elementor-widget elementor-widget-button\" data-id=\"653b036\" data-element_type=\"widget\" data-widget_type=\"button.default\">\n\t\t\t\t<div class=\"elementor-widget-container\">\n\t\t\t\t\t\t\t\t\t<div class=\"elementor-button-wrapper\">\n\t\t\t\t\t<a class=\"elementor-button elementor-button-link elementor-size-lg\" href=\"https:\/\/coupdepoucepourlescompetences.poledenamur-outils.be\/index.php\/consulter-competences\/\">\n\t\t\t\t\t\t<span class=\"elementor-button-content-wrapper\">\n\t\t\t\t\t\t\t\t\t<span class=\"elementor-button-text\">Consulter les 23 comp\u00e9tences<\/span>\n\t\t\t\t\t<\/span>\n\t\t\t\t\t<\/a>\n\t\t\t\t<\/div>\n\t\t\t\t\t\t\t\t<\/div>\n\t\t\t\t<\/div>\n\t\t\t\t\t<\/div>\n\t\t<\/div>\n\t\t\t\t\t<\/div>\n\t\t<\/section>\n\t\t\t\t<div class=\"elementor-element elementor-element-a36ae6a elementor-widget elementor-widget-spacer\" data-id=\"a36ae6a\" data-element_type=\"widget\" data-widget_type=\"spacer.default\">\n\t\t\t\t<div class=\"elementor-widget-container\">\n\t\t\t\t\t\t\t<div class=\"elementor-spacer\">\n\t\t\t<div class=\"elementor-spacer-inner\"><\/div>\n\t\t<\/div>\n\t\t\t\t\t\t<\/div>\n\t\t\t\t<\/div>\n\t\t\t\t<div class=\"elementor-element elementor-element-1cbf7db elementor-widget elementor-widget-heading\" data-id=\"1cbf7db\" data-element_type=\"widget\" data-widget_type=\"heading.default\">\n\t\t\t\t<div class=\"elementor-widget-container\">\n\t\t\t\t\t<h1 class=\"elementor-heading-title elementor-size-default\"><b>L'outil<\/b><br>\nCoup de Pouce pour les Comp\u00e9tences<\/h1>\t\t\t\t<\/div>\n\t\t\t\t<\/div>\n\t\t\t\t\t<\/div>\n\t\t<\/div>\n\t\t\t\t\t<\/div>\n\t\t<\/section>\n\t\t\t\t<section class=\"elementor-section elementor-top-section elementor-element elementor-element-3fc64b4 elementor-section-boxed elementor-section-height-default elementor-section-height-default\" data-id=\"3fc64b4\" data-element_type=\"section\" data-settings=\"{&quot;_ha_eqh_enable&quot;:false}\">\n\t\t\t\t\t\t<div class=\"elementor-container elementor-column-gap-default\">\n\t\t\t\t\t<div class=\"elementor-column elementor-col-100 elementor-top-column elementor-element elementor-element-f8f99e2\" data-id=\"f8f99e2\" data-element_type=\"column\">\n\t\t\t<div class=\"elementor-widget-wrap elementor-element-populated\">\n\t\t\t\t\t\t<div class=\"elementor-element elementor-element-51226b2 elementor-widget elementor-widget-heading\" data-id=\"51226b2\" data-element_type=\"widget\" data-widget_type=\"heading.default\">\n\t\t\t\t<div class=\"elementor-widget-container\">\n\t\t\t\t\t<h2 class=\"elementor-heading-title elementor-size-default\">Titre<\/h2>\t\t\t\t<\/div>\n\t\t\t\t<\/div>\n\t\t\t\t<div class=\"elementor-element elementor-element-37c4fd3 elementor-widget-divider--view-line elementor-widget elementor-widget-divider\" data-id=\"37c4fd3\" data-element_type=\"widget\" data-widget_type=\"divider.default\">\n\t\t\t\t<div class=\"elementor-widget-container\">\n\t\t\t\t\t\t\t<div class=\"elementor-divider\">\n\t\t\t<span class=\"elementor-divider-separator\">\n\t\t\t\t\t\t<\/span>\n\t\t<\/div>\n\t\t\t\t\t\t<\/div>\n\t\t\t\t<\/div>\n\t\t\t\t<div class=\"elementor-element elementor-element-43a0e04 elementor-widget elementor-widget-text-editor\" data-id=\"43a0e04\" data-element_type=\"widget\" data-widget_type=\"text-editor.default\">\n\t\t\t\t<div class=\"elementor-widget-container\">\n\t\t\t\t\t\t\t\t\t<p>En cours&#8230;<\/p>\t\t\t\t\t\t\t\t<\/div>\n\t\t\t\t<\/div>\n\t\t\t\t\t<\/div>\n\t\t<\/div>\n\t\t\t\t\t<\/div>\n\t\t<\/section>\n\t\t\t\t<\/div>\n\t\t","protected":false},"excerpt":{"rendered":"<p>D\u00e9couvrirle projet D\u00e9couvrirl&rsquo;outil Consulter les 23 comp\u00e9tences L&rsquo;outil Coup de Pouce pour les Comp\u00e9tences Titre En cours&#8230;<\/p>\n","protected":false},"author":1,"featured_media":0,"parent":0,"menu_order":0,"comment_status":"closed","ping_status":"closed","template":"","meta":{"site-sidebar-layout":"no-sidebar","site-content-layout":"page-builder","ast-site-content-layout":"default","site-content-style":"default","site-sidebar-style":"default","ast-global-header-display":"","ast-banner-title-visibility":"","ast-main-header-display":"","ast-hfb-above-header-display":"","ast-hfb-below-header-display":"","ast-hfb-mobile-header-display":"","site-post-title":"disabled","ast-breadcrumbs-content":"","ast-featured-img":"","footer-sml-layout":"","theme-transparent-header-meta":"enabled","adv-header-id-meta":"","stick-header-meta":"","header-above-stick-meta":"","header-main-stick-meta":"","header-below-stick-meta":"","astra-migrate-meta-layouts":"default","ast-page-background-enabled":"default","ast-page-background-meta":{"desktop":{"background-color":"","background-image":"","background-repeat":"repeat","background-position":"center center","background-size":"auto","background-attachment":"scroll","background-type":"","background-media":"","overlay-type":"","overlay-color":"","overlay-opacity":"","overlay-gradient":""},"tablet":{"background-color":"","background-image":"","background-repeat":"repeat","background-position":"center center","background-size":"auto","background-attachment":"scroll","background-type":"","background-media":"","overlay-type":"","overlay-color":"","overlay-opacity":"","overlay-gradient":""},"mobile":{"background-color":"","background-image":"","background-repeat":"repeat","background-position":"center center","background-size":"auto","background-attachment":"scroll","background-type":"","background-media":"","overlay-type":"","overlay-color":"","overlay-opacity":"","overlay-gradient":""}},"ast-content-background-meta":{"desktop":{"background-color":"var(--ast-global-color-5)","background-image":"","background-repeat":"repeat","background-position":"center center","background-size":"auto","background-attachment":"scroll","background-type":"","background-media":"","overlay-type":"","overlay-color":"","overlay-opacity":"","overlay-gradient":""},"tablet":{"background-color":"var(--ast-global-color-5)","background-image":"","background-repeat":"repeat","background-position":"center center","background-size":"auto","background-attachment":"scroll","background-type":"","background-media":"","overlay-type":"","overlay-color":"","overlay-opacity":"","overlay-gradient":""},"mobile":{"background-color":"var(--ast-global-color-5)","background-image":"","background-repeat":"repeat","background-position":"center center","background-size":"auto","background-attachment":"scroll","background-type":"","background-media":"","overlay-type":"","overlay-color":"","overlay-opacity":"","overlay-gradient":""}},"footnotes":""},"class_list":["post-702","page","type-page","status-publish","hentry"],"yoast_head":"<!-- This site is optimized with the Yoast SEO plugin v26.3 - https:\/\/yoast.com\/wordpress\/plugins\/seo\/ -->\n<title>D\u00e9couvrir l&#039;outil -<\/title>\n<meta name=\"robots\" content=\"index, follow, max-snippet:-1, max-image-preview:large, max-video-preview:-1\" \/>\n<link rel=\"canonical\" href=\"https:\/\/coupdepoucepourlescompetences.poledenamur-outils.be\/index.php\/decouvrir-outil\/\" \/>\n<meta property=\"og:locale\" content=\"fr_FR\" \/>\n<meta property=\"og:type\" content=\"article\" \/>\n<meta property=\"og:title\" content=\"D\u00e9couvrir l&#039;outil -\" \/>\n<meta property=\"og:description\" content=\"D\u00e9couvrirle projet D\u00e9couvrirl&rsquo;outil Consulter les 23 comp\u00e9tences L&rsquo;outil Coup de Pouce pour les Comp\u00e9tences Titre En cours&#8230;\" \/>\n<meta property=\"og:url\" content=\"https:\/\/coupdepoucepourlescompetences.poledenamur-outils.be\/index.php\/decouvrir-outil\/\" \/>\n<meta property=\"article:modified_time\" content=\"2021-08-25T06:30:19+00:00\" \/>\n<meta name=\"twitter:card\" content=\"summary_large_image\" \/>\n<meta name=\"twitter:label1\" content=\"Dur\u00e9e de lecture estim\u00e9e\" \/>\n\t<meta name=\"twitter:data1\" content=\"1 minute\" \/>\n<script type=\"application\/ld+json\" class=\"yoast-schema-graph\">{\"@context\":\"https:\/\/schema.org\",\"@graph\":[{\"@type\":\"WebPage\",\"@id\":\"https:\/\/coupdepoucepourlescompetences.poledenamur-outils.be\/index.php\/decouvrir-outil\/\",\"url\":\"https:\/\/coupdepoucepourlescompetences.poledenamur-outils.be\/index.php\/decouvrir-outil\/\",\"name\":\"D\u00e9couvrir l'outil -\",\"isPartOf\":{\"@id\":\"https:\/\/coupdepoucepourlescompetences.poledenamur-outils.be\/#website\"},\"datePublished\":\"2021-07-28T10:24:17+00:00\",\"dateModified\":\"2021-08-25T06:30:19+00:00\",\"breadcrumb\":{\"@id\":\"https:\/\/coupdepoucepourlescompetences.poledenamur-outils.be\/index.php\/decouvrir-outil\/#breadcrumb\"},\"inLanguage\":\"fr-FR\",\"potentialAction\":[{\"@type\":\"ReadAction\",\"target\":[\"https:\/\/coupdepoucepourlescompetences.poledenamur-outils.be\/index.php\/decouvrir-outil\/\"]}]},{\"@type\":\"BreadcrumbList\",\"@id\":\"https:\/\/coupdepoucepourlescompetences.poledenamur-outils.be\/index.php\/decouvrir-outil\/#breadcrumb\",\"itemListElement\":[{\"@type\":\"ListItem\",\"position\":1,\"name\":\"Accueil\",\"item\":\"https:\/\/coupdepoucepourlescompetences.poledenamur-outils.be\/\"},{\"@type\":\"ListItem\",\"position\":2,\"name\":\"D\u00e9couvrir l&rsquo;outil\"}]},{\"@type\":\"WebSite\",\"@id\":\"https:\/\/coupdepoucepourlescompetences.poledenamur-outils.be\/#website\",\"url\":\"https:\/\/coupdepoucepourlescompetences.poledenamur-outils.be\/\",\"name\":\"\",\"description\":\"\",\"potentialAction\":[{\"@type\":\"SearchAction\",\"target\":{\"@type\":\"EntryPoint\",\"urlTemplate\":\"https:\/\/coupdepoucepourlescompetences.poledenamur-outils.be\/?s={search_term_string}\"},\"query-input\":{\"@type\":\"PropertyValueSpecification\",\"valueRequired\":true,\"valueName\":\"search_term_string\"}}],\"inLanguage\":\"fr-FR\"}]}<\/script>\n<!-- \/ Yoast SEO plugin. -->","yoast_head_json":{"title":"D\u00e9couvrir l'outil -","robots":{"index":"index","follow":"follow","max-snippet":"max-snippet:-1","max-image-preview":"max-image-preview:large","max-video-preview":"max-video-preview:-1"},"canonical":"https:\/\/coupdepoucepourlescompetences.poledenamur-outils.be\/index.php\/decouvrir-outil\/","og_locale":"fr_FR","og_type":"article","og_title":"D\u00e9couvrir l'outil -","og_description":"D\u00e9couvrirle projet D\u00e9couvrirl&rsquo;outil Consulter les 23 comp\u00e9tences L&rsquo;outil Coup de Pouce pour les Comp\u00e9tences Titre En cours&#8230;","og_url":"https:\/\/coupdepoucepourlescompetences.poledenamur-outils.be\/index.php\/decouvrir-outil\/","article_modified_time":"2021-08-25T06:30:19+00:00","twitter_card":"summary_large_image","twitter_misc":{"Dur\u00e9e de lecture estim\u00e9e":"1 minute"},"schema":{"@context":"https:\/\/schema.org","@graph":[{"@type":"WebPage","@id":"https:\/\/coupdepoucepourlescompetences.poledenamur-outils.be\/index.php\/decouvrir-outil\/","url":"https:\/\/coupdepoucepourlescompetences.poledenamur-outils.be\/index.php\/decouvrir-outil\/","name":"D\u00e9couvrir l'outil -","isPartOf":{"@id":"https:\/\/coupdepoucepourlescompetences.poledenamur-outils.be\/#website"},"datePublished":"2021-07-28T10:24:17+00:00","dateModified":"2021-08-25T06:30:19+00:00","breadcrumb":{"@id":"https:\/\/coupdepoucepourlescompetences.poledenamur-outils.be\/index.php\/decouvrir-outil\/#breadcrumb"},"inLanguage":"fr-FR","potentialAction":[{"@type":"ReadAction","target":["https:\/\/coupdepoucepourlescompetences.poledenamur-outils.be\/index.php\/decouvrir-outil\/"]}]},{"@type":"BreadcrumbList","@id":"https:\/\/coupdepoucepourlescompetences.poledenamur-outils.be\/index.php\/decouvrir-outil\/#breadcrumb","itemListElement":[{"@type":"ListItem","position":1,"name":"Accueil","item":"https:\/\/coupdepoucepourlescompetences.poledenamur-outils.be\/"},{"@type":"ListItem","position":2,"name":"D\u00e9couvrir l&rsquo;outil"}]},{"@type":"WebSite","@id":"https:\/\/coupdepoucepourlescompetences.poledenamur-outils.be\/#website","url":"https:\/\/coupdepoucepourlescompetences.poledenamur-outils.be\/","name":"","description":"","potentialAction":[{"@type":"SearchAction","target":{"@type":"EntryPoint","urlTemplate":"https:\/\/coupdepoucepourlescompetences.poledenamur-outils.be\/?s={search_term_string}"},"query-input":{"@type":"PropertyValueSpecification","valueRequired":true,"valueName":"search_term_string"}}],"inLanguage":"fr-FR"}]}},"_links":{"self":[{"href":"https:\/\/coupdepoucepourlescompetences.poledenamur-outils.be\/index.php\/wp-json\/wp\/v2\/pages\/702","targetHints":{"allow":["GET"]}}],"collection":[{"href":"https:\/\/coupdepoucepourlescompetences.poledenamur-outils.be\/index.php\/wp-json\/wp\/v2\/pages"}],"about":[{"href":"https:\/\/coupdepoucepourlescompetences.poledenamur-outils.be\/index.php\/wp-json\/wp\/v2\/types\/page"}],"author":[{"embeddable":true,"href":"https:\/\/coupdepoucepourlescompetences.poledenamur-outils.be\/index.php\/wp-json\/wp\/v2\/users\/1"}],"replies":[{"embeddable":true,"href":"https:\/\/coupdepoucepourlescompetences.poledenamur-outils.be\/index.php\/wp-json\/wp\/v2\/comments?post=702"}],"version-history":[{"count":11,"href":"https:\/\/coupdepoucepourlescompetences.poledenamur-outils.be\/index.php\/wp-json\/wp\/v2\/pages\/702\/revisions"}],"predecessor-version":[{"id":1152,"href":"https:\/\/coupdepoucepourlescompetences.poledenamur-outils.be\/index.php\/wp-json\/wp\/v2\/pages\/702\/revisions\/1152"}],"wp:attachment":[{"href":"https:\/\/coupdepoucepourlescompetences.poledenamur-outils.be\/index.php\/wp-json\/wp\/v2\/media?parent=702"}],"curies":[{"name":"wp","href":"https:\/\/api.w.org\/{rel}","templated":true}]}}