{"id":707,"date":"2021-07-28T12:25:07","date_gmt":"2021-07-28T10:25:07","guid":{"rendered":"http:\/\/coupdepoucepourlescompetences.poledenamur-outils.be\/?page_id=707"},"modified":"2021-12-09T07:44:00","modified_gmt":"2021-12-09T06:44:00","slug":"consulter-competences","status":"publish","type":"page","link":"https:\/\/coupdepoucepourlescompetences.poledenamur-outils.be\/index.php\/consulter-competences\/","title":{"rendered":"Consulter les comp\u00e9tences"},"content":{"rendered":"\t\t<div data-elementor-type=\"wp-page\" data-elementor-id=\"707\" class=\"elementor elementor-707\" data-elementor-settings=\"{&quot;ha_cmc_init_switcher&quot;:&quot;no&quot;}\">\n\t\t\t\t\t\t<section class=\"elementor-section elementor-top-section elementor-element elementor-element-27f3efd elementor-section-height-min-height elementor-section-boxed elementor-section-height-default elementor-section-items-middle\" data-id=\"27f3efd\" data-element_type=\"section\" data-settings=\"{&quot;background_background&quot;:&quot;classic&quot;,&quot;_ha_eqh_enable&quot;:false}\">\n\t\t\t\t\t\t\t<div class=\"elementor-background-overlay\"><\/div>\n\t\t\t\t\t\t\t<div class=\"elementor-container elementor-column-gap-no\">\n\t\t\t\t\t<div class=\"elementor-column elementor-col-100 elementor-top-column elementor-element elementor-element-403a170\" data-id=\"403a170\" data-element_type=\"column\">\n\t\t\t<div class=\"elementor-widget-wrap elementor-element-populated\">\n\t\t\t\t\t\t<section class=\"elementor-section elementor-inner-section elementor-element elementor-element-e044af0 elementor-section-boxed elementor-section-height-default elementor-section-height-default\" data-id=\"e044af0\" data-element_type=\"section\" data-settings=\"{&quot;_ha_eqh_enable&quot;:false}\">\n\t\t\t\t\t\t<div class=\"elementor-container elementor-column-gap-no\">\n\t\t\t\t\t<div class=\"elementor-column elementor-col-33 elementor-inner-column elementor-element elementor-element-4a72add\" data-id=\"4a72add\" data-element_type=\"column\">\n\t\t\t<div class=\"elementor-widget-wrap elementor-element-populated\">\n\t\t\t\t\t\t<div class=\"elementor-element elementor-element-3799173 elementor-align-justify elementor-mobile-align-center elementor-widget elementor-widget-button\" data-id=\"3799173\" data-element_type=\"widget\" data-widget_type=\"button.default\">\n\t\t\t\t<div class=\"elementor-widget-container\">\n\t\t\t\t\t\t\t\t\t<div class=\"elementor-button-wrapper\">\n\t\t\t\t\t<a class=\"elementor-button elementor-button-link elementor-size-lg\" href=\"https:\/\/coupdepoucepourlescompetences.poledenamur-outils.be\/index.php\/decouvrir-projet\/\">\n\t\t\t\t\t\t<span class=\"elementor-button-content-wrapper\">\n\t\t\t\t\t\t\t\t\t<span class=\"elementor-button-text\">D\u00e9couvrir<\/br>le projet<\/span>\n\t\t\t\t\t<\/span>\n\t\t\t\t\t<\/a>\n\t\t\t\t<\/div>\n\t\t\t\t\t\t\t\t<\/div>\n\t\t\t\t<\/div>\n\t\t\t\t\t<\/div>\n\t\t<\/div>\n\t\t\t\t<div class=\"elementor-column elementor-col-33 elementor-inner-column elementor-element elementor-element-73a6261\" data-id=\"73a6261\" data-element_type=\"column\">\n\t\t\t<div class=\"elementor-widget-wrap elementor-element-populated\">\n\t\t\t\t\t\t<div class=\"elementor-element elementor-element-5216fc2 elementor-align-justify elementor-mobile-align-center elementor-widget elementor-widget-button\" data-id=\"5216fc2\" data-element_type=\"widget\" data-widget_type=\"button.default\">\n\t\t\t\t<div class=\"elementor-widget-container\">\n\t\t\t\t\t\t\t\t\t<div class=\"elementor-button-wrapper\">\n\t\t\t\t\t<a class=\"elementor-button elementor-button-link elementor-size-lg\" href=\"https:\/\/coupdepoucepourlescompetences.poledenamur-outils.be\/index.php\/decouvrir-outil\/\">\n\t\t\t\t\t\t<span class=\"elementor-button-content-wrapper\">\n\t\t\t\t\t\t\t\t\t<span class=\"elementor-button-text\">D\u00e9couvrir<\/br>l'outil<\/span>\n\t\t\t\t\t<\/span>\n\t\t\t\t\t<\/a>\n\t\t\t\t<\/div>\n\t\t\t\t\t\t\t\t<\/div>\n\t\t\t\t<\/div>\n\t\t\t\t\t<\/div>\n\t\t<\/div>\n\t\t\t\t<div class=\"elementor-column elementor-col-33 elementor-inner-column elementor-element elementor-element-99ed277\" data-id=\"99ed277\" data-element_type=\"column\">\n\t\t\t<div class=\"elementor-widget-wrap elementor-element-populated\">\n\t\t\t\t\t\t<div class=\"elementor-element elementor-element-54e5393 elementor-align-justify elementor-mobile-align-center elementor-widget elementor-widget-button\" data-id=\"54e5393\" data-element_type=\"widget\" data-widget_type=\"button.default\">\n\t\t\t\t<div class=\"elementor-widget-container\">\n\t\t\t\t\t\t\t\t\t<div class=\"elementor-button-wrapper\">\n\t\t\t\t\t<a class=\"elementor-button elementor-button-link elementor-size-lg\" href=\"https:\/\/coupdepoucepourlescompetences.poledenamur-outils.be\/index.php\/consulter-competences\/\">\n\t\t\t\t\t\t<span class=\"elementor-button-content-wrapper\">\n\t\t\t\t\t\t\t\t\t<span class=\"elementor-button-text\">Consulter les 23 comp\u00e9tences<\/span>\n\t\t\t\t\t<\/span>\n\t\t\t\t\t<\/a>\n\t\t\t\t<\/div>\n\t\t\t\t\t\t\t\t<\/div>\n\t\t\t\t<\/div>\n\t\t\t\t\t<\/div>\n\t\t<\/div>\n\t\t\t\t\t<\/div>\n\t\t<\/section>\n\t\t\t\t<div class=\"elementor-element elementor-element-dba5822 elementor-widget elementor-widget-spacer\" data-id=\"dba5822\" data-element_type=\"widget\" data-widget_type=\"spacer.default\">\n\t\t\t\t<div class=\"elementor-widget-container\">\n\t\t\t\t\t\t\t<div class=\"elementor-spacer\">\n\t\t\t<div class=\"elementor-spacer-inner\"><\/div>\n\t\t<\/div>\n\t\t\t\t\t\t<\/div>\n\t\t\t\t<\/div>\n\t\t\t\t<div class=\"elementor-element elementor-element-f48210f elementor-widget elementor-widget-heading\" data-id=\"f48210f\" data-element_type=\"widget\" data-widget_type=\"heading.default\">\n\t\t\t\t<div class=\"elementor-widget-container\">\n\t\t\t\t\t<h1 class=\"elementor-heading-title elementor-size-default\"><b>Les 23 comp\u00e9tences<\/b><br>\nCoup de Pouce<\/h1>\t\t\t\t<\/div>\n\t\t\t\t<\/div>\n\t\t\t\t\t<\/div>\n\t\t<\/div>\n\t\t\t\t\t<\/div>\n\t\t<\/section>\n\t\t\t\t<section class=\"elementor-section elementor-top-section elementor-element elementor-element-3fc64b4 elementor-section-boxed elementor-section-height-default elementor-section-height-default\" data-id=\"3fc64b4\" data-element_type=\"section\" data-settings=\"{&quot;_ha_eqh_enable&quot;:false}\">\n\t\t\t\t\t\t<div class=\"elementor-container elementor-column-gap-default\">\n\t\t\t\t\t<div class=\"elementor-column elementor-col-100 elementor-top-column elementor-element elementor-element-f8f99e2\" data-id=\"f8f99e2\" data-element_type=\"column\">\n\t\t\t<div class=\"elementor-widget-wrap elementor-element-populated\">\n\t\t\t\t\t\t<div class=\"elementor-element elementor-element-d905d0d elementor-align-justify elementor-widget elementor-widget-button\" data-id=\"d905d0d\" data-element_type=\"widget\" data-widget_type=\"button.default\">\n\t\t\t\t<div class=\"elementor-widget-container\">\n\t\t\t\t\t\t\t\t\t<div class=\"elementor-button-wrapper\">\n\t\t\t\t\t<a class=\"elementor-button elementor-button-link elementor-size-sm\" href=\"https:\/\/coupdepoucepourlescompetences.poledenamur-outils.be\/index.php\/c1-accordeon\/\">\n\t\t\t\t\t\t<span class=\"elementor-button-content-wrapper\">\n\t\t\t\t\t\t\t\t\t<span class=\"elementor-button-text\">Comp\u00e9tence 1<\/span>\n\t\t\t\t\t<\/span>\n\t\t\t\t\t<\/a>\n\t\t\t\t<\/div>\n\t\t\t\t\t\t\t\t<\/div>\n\t\t\t\t<\/div>\n\t\t\t\t<div class=\"elementor-element elementor-element-e5b6ff7 elementor-align-justify elementor-widget elementor-widget-button\" data-id=\"e5b6ff7\" data-element_type=\"widget\" data-widget_type=\"button.default\">\n\t\t\t\t<div class=\"elementor-widget-container\">\n\t\t\t\t\t\t\t\t\t<div class=\"elementor-button-wrapper\">\n\t\t\t\t\t<a class=\"elementor-button elementor-button-link elementor-size-sm\" href=\"https:\/\/coupdepoucepourlescompetences.poledenamur-outils.be\/index.php\/competence-9\/\">\n\t\t\t\t\t\t<span class=\"elementor-button-content-wrapper\">\n\t\t\t\t\t\t\t\t\t<span class=\"elementor-button-text\">Comp\u00e9tence 9<\/span>\n\t\t\t\t\t<\/span>\n\t\t\t\t\t<\/a>\n\t\t\t\t<\/div>\n\t\t\t\t\t\t\t\t<\/div>\n\t\t\t\t<\/div>\n\t\t\t\t\t<\/div>\n\t\t<\/div>\n\t\t\t\t\t<\/div>\n\t\t<\/section>\n\t\t\t\t<\/div>\n\t\t","protected":false},"excerpt":{"rendered":"<p>D\u00e9couvrirle projet D\u00e9couvrirl&rsquo;outil Consulter les 23 comp\u00e9tences Les 23 comp\u00e9tences Coup de Pouce Comp\u00e9tence 1 Comp\u00e9tence 9<\/p>\n","protected":false},"author":1,"featured_media":0,"parent":0,"menu_order":0,"comment_status":"closed","ping_status":"closed","template":"","meta":{"site-sidebar-layout":"no-sidebar","site-content-layout":"page-builder","ast-site-content-layout":"default","site-content-style":"default","site-sidebar-style":"default","ast-global-header-display":"","ast-banner-title-visibility":"","ast-main-header-display":"","ast-hfb-above-header-display":"","ast-hfb-below-header-display":"","ast-hfb-mobile-header-display":"","site-post-title":"disabled","ast-breadcrumbs-content":"","ast-featured-img":"","footer-sml-layout":"","theme-transparent-header-meta":"enabled","adv-header-id-meta":"","stick-header-meta":"","header-above-stick-meta":"","header-main-stick-meta":"","header-below-stick-meta":"","astra-migrate-meta-layouts":"default","ast-page-background-enabled":"default","ast-page-background-meta":{"desktop":{"background-color":"","background-image":"","background-repeat":"repeat","background-position":"center center","background-size":"auto","background-attachment":"scroll","background-type":"","background-media":"","overlay-type":"","overlay-color":"","overlay-opacity":"","overlay-gradient":""},"tablet":{"background-color":"","background-image":"","background-repeat":"repeat","background-position":"center center","background-size":"auto","background-attachment":"scroll","background-type":"","background-media":"","overlay-type":"","overlay-color":"","overlay-opacity":"","overlay-gradient":""},"mobile":{"background-color":"","background-image":"","background-repeat":"repeat","background-position":"center center","background-size":"auto","background-attachment":"scroll","background-type":"","background-media":"","overlay-type":"","overlay-color":"","overlay-opacity":"","overlay-gradient":""}},"ast-content-background-meta":{"desktop":{"background-color":"var(--ast-global-color-5)","background-image":"","background-repeat":"repeat","background-position":"center center","background-size":"auto","background-attachment":"scroll","background-type":"","background-media":"","overlay-type":"","overlay-color":"","overlay-opacity":"","overlay-gradient":""},"tablet":{"background-color":"var(--ast-global-color-5)","background-image":"","background-repeat":"repeat","background-position":"center center","background-size":"auto","background-attachment":"scroll","background-type":"","background-media":"","overlay-type":"","overlay-color":"","overlay-opacity":"","overlay-gradient":""},"mobile":{"background-color":"var(--ast-global-color-5)","background-image":"","background-repeat":"repeat","background-position":"center center","background-size":"auto","background-attachment":"scroll","background-type":"","background-media":"","overlay-type":"","overlay-color":"","overlay-opacity":"","overlay-gradient":""}},"footnotes":""},"class_list":["post-707","page","type-page","status-publish","hentry"],"yoast_head":"<!-- This site is optimized with the Yoast SEO plugin v26.3 - https:\/\/yoast.com\/wordpress\/plugins\/seo\/ -->\n<title>Consulter les comp\u00e9tences -<\/title>\n<meta name=\"robots\" content=\"index, follow, max-snippet:-1, max-image-preview:large, max-video-preview:-1\" \/>\n<link rel=\"canonical\" href=\"https:\/\/coupdepoucepourlescompetences.poledenamur-outils.be\/index.php\/consulter-competences\/\" \/>\n<meta property=\"og:locale\" content=\"fr_FR\" \/>\n<meta property=\"og:type\" content=\"article\" \/>\n<meta property=\"og:title\" content=\"Consulter les comp\u00e9tences -\" \/>\n<meta property=\"og:description\" content=\"D\u00e9couvrirle projet D\u00e9couvrirl&rsquo;outil Consulter les 23 comp\u00e9tences Les 23 comp\u00e9tences Coup de Pouce Comp\u00e9tence 1 Comp\u00e9tence 9\" \/>\n<meta property=\"og:url\" content=\"https:\/\/coupdepoucepourlescompetences.poledenamur-outils.be\/index.php\/consulter-competences\/\" \/>\n<meta property=\"article:modified_time\" content=\"2021-12-09T06:44:00+00:00\" \/>\n<meta name=\"twitter:card\" content=\"summary_large_image\" \/>\n<meta name=\"twitter:label1\" content=\"Dur\u00e9e de lecture estim\u00e9e\" \/>\n\t<meta name=\"twitter:data1\" content=\"1 minute\" \/>\n<script type=\"application\/ld+json\" class=\"yoast-schema-graph\">{\"@context\":\"https:\/\/schema.org\",\"@graph\":[{\"@type\":\"WebPage\",\"@id\":\"https:\/\/coupdepoucepourlescompetences.poledenamur-outils.be\/index.php\/consulter-competences\/\",\"url\":\"https:\/\/coupdepoucepourlescompetences.poledenamur-outils.be\/index.php\/consulter-competences\/\",\"name\":\"Consulter les comp\u00e9tences -\",\"isPartOf\":{\"@id\":\"https:\/\/coupdepoucepourlescompetences.poledenamur-outils.be\/#website\"},\"datePublished\":\"2021-07-28T10:25:07+00:00\",\"dateModified\":\"2021-12-09T06:44:00+00:00\",\"breadcrumb\":{\"@id\":\"https:\/\/coupdepoucepourlescompetences.poledenamur-outils.be\/index.php\/consulter-competences\/#breadcrumb\"},\"inLanguage\":\"fr-FR\",\"potentialAction\":[{\"@type\":\"ReadAction\",\"target\":[\"https:\/\/coupdepoucepourlescompetences.poledenamur-outils.be\/index.php\/consulter-competences\/\"]}]},{\"@type\":\"BreadcrumbList\",\"@id\":\"https:\/\/coupdepoucepourlescompetences.poledenamur-outils.be\/index.php\/consulter-competences\/#breadcrumb\",\"itemListElement\":[{\"@type\":\"ListItem\",\"position\":1,\"name\":\"Accueil\",\"item\":\"https:\/\/coupdepoucepourlescompetences.poledenamur-outils.be\/\"},{\"@type\":\"ListItem\",\"position\":2,\"name\":\"Consulter les comp\u00e9tences\"}]},{\"@type\":\"WebSite\",\"@id\":\"https:\/\/coupdepoucepourlescompetences.poledenamur-outils.be\/#website\",\"url\":\"https:\/\/coupdepoucepourlescompetences.poledenamur-outils.be\/\",\"name\":\"\",\"description\":\"\",\"potentialAction\":[{\"@type\":\"SearchAction\",\"target\":{\"@type\":\"EntryPoint\",\"urlTemplate\":\"https:\/\/coupdepoucepourlescompetences.poledenamur-outils.be\/?s={search_term_string}\"},\"query-input\":{\"@type\":\"PropertyValueSpecification\",\"valueRequired\":true,\"valueName\":\"search_term_string\"}}],\"inLanguage\":\"fr-FR\"}]}<\/script>\n<!-- \/ Yoast SEO plugin. -->","yoast_head_json":{"title":"Consulter les comp\u00e9tences -","robots":{"index":"index","follow":"follow","max-snippet":"max-snippet:-1","max-image-preview":"max-image-preview:large","max-video-preview":"max-video-preview:-1"},"canonical":"https:\/\/coupdepoucepourlescompetences.poledenamur-outils.be\/index.php\/consulter-competences\/","og_locale":"fr_FR","og_type":"article","og_title":"Consulter les comp\u00e9tences -","og_description":"D\u00e9couvrirle projet D\u00e9couvrirl&rsquo;outil Consulter les 23 comp\u00e9tences Les 23 comp\u00e9tences Coup de Pouce Comp\u00e9tence 1 Comp\u00e9tence 9","og_url":"https:\/\/coupdepoucepourlescompetences.poledenamur-outils.be\/index.php\/consulter-competences\/","article_modified_time":"2021-12-09T06:44:00+00:00","twitter_card":"summary_large_image","twitter_misc":{"Dur\u00e9e de lecture estim\u00e9e":"1 minute"},"schema":{"@context":"https:\/\/schema.org","@graph":[{"@type":"WebPage","@id":"https:\/\/coupdepoucepourlescompetences.poledenamur-outils.be\/index.php\/consulter-competences\/","url":"https:\/\/coupdepoucepourlescompetences.poledenamur-outils.be\/index.php\/consulter-competences\/","name":"Consulter les comp\u00e9tences -","isPartOf":{"@id":"https:\/\/coupdepoucepourlescompetences.poledenamur-outils.be\/#website"},"datePublished":"2021-07-28T10:25:07+00:00","dateModified":"2021-12-09T06:44:00+00:00","breadcrumb":{"@id":"https:\/\/coupdepoucepourlescompetences.poledenamur-outils.be\/index.php\/consulter-competences\/#breadcrumb"},"inLanguage":"fr-FR","potentialAction":[{"@type":"ReadAction","target":["https:\/\/coupdepoucepourlescompetences.poledenamur-outils.be\/index.php\/consulter-competences\/"]}]},{"@type":"BreadcrumbList","@id":"https:\/\/coupdepoucepourlescompetences.poledenamur-outils.be\/index.php\/consulter-competences\/#breadcrumb","itemListElement":[{"@type":"ListItem","position":1,"name":"Accueil","item":"https:\/\/coupdepoucepourlescompetences.poledenamur-outils.be\/"},{"@type":"ListItem","position":2,"name":"Consulter les comp\u00e9tences"}]},{"@type":"WebSite","@id":"https:\/\/coupdepoucepourlescompetences.poledenamur-outils.be\/#website","url":"https:\/\/coupdepoucepourlescompetences.poledenamur-outils.be\/","name":"","description":"","potentialAction":[{"@type":"SearchAction","target":{"@type":"EntryPoint","urlTemplate":"https:\/\/coupdepoucepourlescompetences.poledenamur-outils.be\/?s={search_term_string}"},"query-input":{"@type":"PropertyValueSpecification","valueRequired":true,"valueName":"search_term_string"}}],"inLanguage":"fr-FR"}]}},"_links":{"self":[{"href":"https:\/\/coupdepoucepourlescompetences.poledenamur-outils.be\/index.php\/wp-json\/wp\/v2\/pages\/707","targetHints":{"allow":["GET"]}}],"collection":[{"href":"https:\/\/coupdepoucepourlescompetences.poledenamur-outils.be\/index.php\/wp-json\/wp\/v2\/pages"}],"about":[{"href":"https:\/\/coupdepoucepourlescompetences.poledenamur-outils.be\/index.php\/wp-json\/wp\/v2\/types\/page"}],"author":[{"embeddable":true,"href":"https:\/\/coupdepoucepourlescompetences.poledenamur-outils.be\/index.php\/wp-json\/wp\/v2\/users\/1"}],"replies":[{"embeddable":true,"href":"https:\/\/coupdepoucepourlescompetences.poledenamur-outils.be\/index.php\/wp-json\/wp\/v2\/comments?post=707"}],"version-history":[{"count":46,"href":"https:\/\/coupdepoucepourlescompetences.poledenamur-outils.be\/index.php\/wp-json\/wp\/v2\/pages\/707\/revisions"}],"predecessor-version":[{"id":1376,"href":"https:\/\/coupdepoucepourlescompetences.poledenamur-outils.be\/index.php\/wp-json\/wp\/v2\/pages\/707\/revisions\/1376"}],"wp:attachment":[{"href":"https:\/\/coupdepoucepourlescompetences.poledenamur-outils.be\/index.php\/wp-json\/wp\/v2\/media?parent=707"}],"curies":[{"name":"wp","href":"https:\/\/api.w.org\/{rel}","templated":true}]}}